{"id":2940,"date":"2024-07-18T09:12:05","date_gmt":"2024-07-18T09:12:05","guid":{"rendered":"https:\/\/baumaschinenelektronik24.de\/contacto\/"},"modified":"2025-10-01T23:59:44","modified_gmt":"2025-10-01T23:59:44","slug":"contacto","status":"publish","type":"page","link":"https:\/\/baumaschinenelektronik24.de\/es\/contacto\/","title":{"rendered":"Contacto"},"content":{"rendered":"\t\t<div data-elementor-type=\"wp-page\" data-elementor-id=\"2940\" class=\"elementor elementor-2940 elementor-117\" data-elementor-post-type=\"page\">\n\t\t\t\t\t\t<section class=\"elementor-section elementor-top-section elementor-element elementor-element-40ea3227 elementor-section-boxed elementor-section-height-default elementor-section-height-default\" data-id=\"40ea3227\" data-element_type=\"section\">\n\t\t\t\t\t\t<div class=\"elementor-container elementor-column-gap-default\">\n\t\t\t\t\t<div class=\"elementor-column elementor-col-50 elementor-top-column elementor-element elementor-element-5e4ee3fc\" data-id=\"5e4ee3fc\" data-element_type=\"column\">\n\t\t\t<div class=\"elementor-widget-wrap elementor-element-populated\">\n\t\t\t\t\t\t<div class=\"elementor-element elementor-element-79091c80 elementor-widget elementor-widget-heading\" data-id=\"79091c80\" data-element_type=\"widget\" data-widget_type=\"heading.default\">\n\t\t\t\t<div class=\"elementor-widget-container\">\n\t\t\t\t\t<h2 class=\"elementor-heading-title elementor-size-default\">Contacto<\/h2>\t\t\t\t<\/div>\n\t\t\t\t<\/div>\n\t\t\t\t<div class=\"elementor-element elementor-element-8228b9f elementor-widget elementor-widget-text-editor\" data-id=\"8228b9f\" data-element_type=\"widget\" data-widget_type=\"text-editor.default\">\n\t\t\t\t<div class=\"elementor-widget-container\">\n\t\t\t\t\t\t\t\t\t<p>Tachoreparatur24.com GmbH<br>Ysenburgerstr.6<br>63607 W\u00e4chtersbach<br>Tel\u00e9fono del taller: 06053-8097343<br>Tel\u00e9fono: 0171 \u2013 1694275<br>Correo electr\u00f3nico: info@tachoreparatur24.com<\/p>\t\t\t\t\t\t\t\t<\/div>\n\t\t\t\t<\/div>\n\t\t\t\t<div class=\"elementor-element elementor-element-9b0d805 elementor-widget elementor-widget-heading\" data-id=\"9b0d805\" data-element_type=\"widget\" data-widget_type=\"heading.default\">\n\t\t\t\t<div class=\"elementor-widget-container\">\n\t\t\t\t\t<h2 class=\"elementor-heading-title elementor-size-default\">Horario de apertura<\/h2>\t\t\t\t<\/div>\n\t\t\t\t<\/div>\n\t\t\t\t<div class=\"elementor-element elementor-element-5aaa3fee elementor-widget elementor-widget-text-editor\" data-id=\"5aaa3fee\" data-element_type=\"widget\" data-widget_type=\"text-editor.default\">\n\t\t\t\t<div class=\"elementor-widget-container\">\n\t\t\t\t\t\t\t\t\tDe lunes a viernes de 9:00 a 17:00 y con cita previa\t\t\t\t\t\t\t\t<\/div>\n\t\t\t\t<\/div>\n\t\t\t\t<div class=\"elementor-element elementor-element-afdbf77 elementor-widget elementor-widget-html\" data-id=\"afdbf77\" data-element_type=\"widget\" data-widget_type=\"html.default\">\n\t\t\t\t<div class=\"elementor-widget-container\">\n\t\t\t\t\t<iframe src=\"https:\/\/www.google.com\/maps\/embed?pb=!1m18!1m12!1m3!1d23151.587118267755!2d9.278388670053832!3d50.24935841898168!2m3!1f0!2f0!3f0!3m2!1i1024!2i768!4f13.1!3m3!1m2!1s0x47bd28fb20e2b8f5%3A0x6301c6250a9cb58f!2sTachoreparatur24.com%20GmbH!5e0!3m2!1spl!2spl!4v1715047687868!5m2!1spl!2spl\" width=\"600\" height=\"350\" style=\"border:0;\" allowfullscreen=\"\" loading=\"lazy\" referrerpolicy=\"no-referrer-when-downgrade\"><\/iframe>\t\t\t\t<\/div>\n\t\t\t\t<\/div>\n\t\t\t\t\t<\/div>\n\t\t<\/div>\n\t\t\t\t<div class=\"elementor-column elementor-col-50 elementor-top-column elementor-element elementor-element-7a32cd01\" data-id=\"7a32cd01\" data-element_type=\"column\">\n\t\t\t<div class=\"elementor-widget-wrap elementor-element-populated\">\n\t\t\t\t\t\t<div class=\"elementor-element elementor-element-7aa94b elementor-invisible elementor-widget elementor-widget-shortcode\" data-id=\"7aa94b\" data-element_type=\"widget\" data-settings=\"{&quot;_animation&quot;:&quot;fadeInRight&quot;}\" data-widget_type=\"shortcode.default\">\n\t\t\t\t<div class=\"elementor-widget-container\">\n\t\t\t\t\t\t\t<div class=\"elementor-shortcode\"><div class=\"forminator-ui forminator-custom-form forminator-custom-form-4713 forminator-design--material  forminator_ajax\" data-forminator-render=\"0\" data-form=\"forminator-module-4713\" data-uid=\"69da8c2aa99e4\"><br\/><\/div><form\n\t\t\t\tid=\"forminator-module-4713\"\n\t\t\t\tclass=\"forminator-ui forminator-custom-form forminator-custom-form-4713 forminator-design--material  forminator_ajax\"\n\t\t\t\tmethod=\"post\"\n\t\t\t\tdata-forminator-render=\"0\"\n\t\t\t\tdata-form-id=\"4713\"\n\t\t\t\t\n\t\t\t\tdata-design=\"material\"\n\t\t\t\tdata-color-option=\"default\"\n\t\t\t\t\n\t\t\t\t\n\t\t\t\t\n\t\t\t\tdata-grid=\"open\"\n\t\t\t\t\n\t\t\t\t\n\t\t\t\tstyle=\"display: none;\"\n\t\t\t\t\n\t\t\t\tdata-uid=\"69da8c2aa99e4\"\n\t\t\t><div role=\"alert\" aria-live=\"polite\" class=\"forminator-response-message forminator-error\" aria-hidden=\"true\"><\/div><div class=\"forminator-row\"><div id=\"name-1\" class=\"forminator-field-name forminator-col forminator-col-12 \"><div class=\"forminator-field\"><label for=\"forminator-field-name-1_69da8c2aa99e4\" id=\"forminator-field-name-1_69da8c2aa99e4-label\" class=\"forminator-label\">Tu nombre <span class=\"forminator-required\">*<\/span><\/label><input type=\"text\" name=\"name-1\" value=\"\" placeholder=\"\" id=\"forminator-field-name-1_69da8c2aa99e4\" class=\"forminator-input forminator-name--field\" aria-required=\"true\" \/><\/div><\/div><\/div><div class=\"forminator-row\"><div id=\"email-1\" class=\"forminator-field-email forminator-col forminator-col-12 \"><div class=\"forminator-field\"><label for=\"forminator-field-email-1_69da8c2aa99e4\" id=\"forminator-field-email-1_69da8c2aa99e4-label\" class=\"forminator-label\">Tu direcci\u00f3n de correo electr\u00f3nico <span class=\"forminator-required\">*<\/span><\/label><input type=\"email\" name=\"email-1\" value=\"\" placeholder=\"\" id=\"forminator-field-email-1_69da8c2aa99e4\" class=\"forminator-input forminator-email--field\" data-required=\"true\" aria-required=\"true\" \/><\/div><\/div><\/div><div class=\"forminator-row\"><div id=\"text-1\" class=\"forminator-field-text forminator-col forminator-col-12 \"><div class=\"forminator-field\"><label for=\"forminator-field-text-1_69da8c2aa99e4\" id=\"forminator-field-text-1_69da8c2aa99e4-label\" class=\"forminator-label\">Asunto <span class=\"forminator-required\">*<\/span><\/label><input type=\"text\" name=\"text-1\" value=\"\" placeholder=\"\" id=\"forminator-field-text-1_69da8c2aa99e4\" class=\"forminator-input forminator-name--field\" data-required=\"1\" \/><\/div><\/div><\/div><div class=\"forminator-row\"><div id=\"textarea-1\" class=\"forminator-field-textarea forminator-col forminator-col-12 \"><div class=\"forminator-field\"><label for=\"forminator-field-textarea-1_69da8c2aa99e4\" id=\"forminator-field-textarea-1_69da8c2aa99e4-label\" class=\"forminator-label\">Intenta describir tu problema lo mejor posible <span class=\"forminator-required\">*<\/span><\/label><textarea name=\"textarea-1\" placeholder=\"\" id=\"forminator-field-textarea-1_69da8c2aa99e4\" class=\"forminator-textarea\" rows=\"6\" style=\"min-height:140px;\" maxlength=\"180\" ><\/textarea><span id=\"forminator-field-textarea-1_69da8c2aa99e4-description\" class=\"forminator-description\"><span data-limit=\"180\" data-type=\"characters\" data-editor=\"\">0 \/ 180<\/span><\/span><\/div><\/div><\/div><div class=\"forminator-row\"><div id=\"checkbox-1\" class=\"forminator-field-checkbox forminator-col forminator-col-12 \"><div role=\"group\" class=\"forminator-field required\" aria-labelledby=\"forminator-checkbox-group-forminator-field-checkbox-1-69da8c2aa99e4-label\"><label id=\"forminator-field-checkbox-1-1-69da8c2aa99e4-label\" for=\"forminator-field-checkbox-1-1-69da8c2aa99e4\" class=\"forminator-checkbox\" title=\"Acepto que mis datos del formulario de contacto sean recopilados y procesados para responder a mi consulta. Nota: Puede revocar su consentimiento en cualquier momento con efecto futuro enviando un correo electr\u00f3nico a info@tachoreparatur24.com. Encontrar\u00e1 informaci\u00f3n detallada sobre el tratamiento de los datos de los usuarios en nuestra pol\u00edtica de privacidad.\"><input type=\"checkbox\" name=\"checkbox-1[]\" value=\"one\" id=\"forminator-field-checkbox-1-1-69da8c2aa99e4\" aria-labelledby=\"forminator-field-checkbox-1-1-69da8c2aa99e4-label\" data-calculation=\"0\"   data-hidden-behavior=\"zero\"\/><span class=\"forminator-checkbox-box\" aria-hidden=\"true\"><\/span><span class=\"forminator-checkbox-label\">Acepto que mis datos del formulario de contacto sean recopilados y procesados para responder a mi consulta. Nota: Puede revocar su consentimiento en cualquier momento con efecto futuro enviando un correo electr\u00f3nico a info@tachoreparatur24.com. Encontrar\u00e1 informaci\u00f3n detallada sobre el tratamiento de los datos de los usuarios en nuestra pol\u00edtica de privacidad.<\/span><\/label><\/div><\/div><\/div><div class=\"forminator-row\"><div id=\"captcha-1\" class=\"forminator-field-captcha forminator-col forminator-col-12 \"><div class=\"forminator-captcha-left forminator-g-recaptcha recaptcha-invisible\" data-theme=\"light\" data-badge=\"inline\" data-sitekey=\"6Lc-xtoqAAAAAPch30004OScqnwUZdkQmPCHlJ86\" data-size=\"invisible\"><\/div> <\/div><\/div><input type=\"hidden\" name=\"referer_url\" value=\"\" \/><div class=\"forminator-row forminator-row-last\"><div class=\"forminator-col\"><div class=\"forminator-field\"><button class=\"forminator-button forminator-button-submit\"><span>ENVIAR<\/span><span aria-hidden=\"true\"><\/span><\/button><\/div><\/div><\/div><input type=\"hidden\" id=\"forminator_nonce\" name=\"forminator_nonce\" value=\"6851450832\" \/><input type=\"hidden\" name=\"_wp_http_referer\" value=\"\/es\/wp-json\/wp\/v2\/pages\/2940\" \/><input type=\"hidden\" name=\"form_id\" value=\"4713\"><input type=\"hidden\" name=\"page_id\" value=\"2940\"><input type=\"hidden\" name=\"form_type\" value=\"default\"><input type=\"hidden\" name=\"current_url\" value=\"https:\/\/baumaschinenelektronik24.de\/es\/contacto\/\"><input type=\"hidden\" name=\"render_id\" value=\"0\"><input type=\"hidden\" name=\"action\" value=\"forminator_submit_form_custom-forms\"><label for=\"input_6\" class=\"forminator-hidden\" aria-hidden=\"true\">Por favor, no rellenes este campo. <input id=\"input_6\" type=\"text\" name=\"input_6\" value=\"\" autocomplete=\"off\"><\/label><\/form><\/div>\n\t\t\t\t\t\t<\/div>\n\t\t\t\t<\/div>\n\t\t\t\t\t<\/div>\n\t\t<\/div>\n\t\t\t\t\t<\/div>\n\t\t<\/section>\n\t\t\t\t<\/div>\n\t\t","protected":false},"excerpt":{"rendered":"<p>Contacto Tachoreparatur24.com GmbHYsenburgerstr.663607 W\u00e4chtersbachTel\u00e9fono del taller: 06053-8097343Tel\u00e9fono: 0171 \u2013 1694275Correo electr\u00f3nico: info@tachoreparatur24.com Horario de apertura De lunes a viernes de 9:00 a 17:00 y con cita previa<\/p>\n","protected":false},"author":1,"featured_media":0,"parent":0,"menu_order":0,"comment_status":"closed","ping_status":"closed","template":"","meta":{"footnotes":""},"class_list":["post-2940","page","type-page","status-publish","hentry"],"_links":{"self":[{"href":"https:\/\/baumaschinenelektronik24.de\/es\/wp-json\/wp\/v2\/pages\/2940","targetHints":{"allow":["GET"]}}],"collection":[{"href":"https:\/\/baumaschinenelektronik24.de\/es\/wp-json\/wp\/v2\/pages"}],"about":[{"href":"https:\/\/baumaschinenelektronik24.de\/es\/wp-json\/wp\/v2\/types\/page"}],"author":[{"embeddable":true,"href":"https:\/\/baumaschinenelektronik24.de\/es\/wp-json\/wp\/v2\/users\/1"}],"replies":[{"embeddable":true,"href":"https:\/\/baumaschinenelektronik24.de\/es\/wp-json\/wp\/v2\/comments?post=2940"}],"version-history":[{"count":4,"href":"https:\/\/baumaschinenelektronik24.de\/es\/wp-json\/wp\/v2\/pages\/2940\/revisions"}],"predecessor-version":[{"id":4724,"href":"https:\/\/baumaschinenelektronik24.de\/es\/wp-json\/wp\/v2\/pages\/2940\/revisions\/4724"}],"wp:attachment":[{"href":"https:\/\/baumaschinenelektronik24.de\/es\/wp-json\/wp\/v2\/media?parent=2940"}],"curies":[{"name":"wp","href":"https:\/\/api.w.org\/{rel}","templated":true}]}}